{"id":1469,"date":"2018-12-04T20:25:16","date_gmt":"2018-12-04T19:25:16","guid":{"rendered":"http:\/\/silvesterpfad.jh.web-tech.at\/datenschutz\/"},"modified":"2023-09-11T12:09:03","modified_gmt":"2023-09-11T10:09:03","slug":"privacy-policy","status":"publish","type":"page","link":"https:\/\/wienersilvesterpfad.at\/en\/privacy-policy\/","title":{"rendered":"Privacy policy"},"content":{"rendered":"<div class=\"fusion-fullwidth fullwidth-box fusion-builder-row-1 fusion-flex-container nonhundred-percent-fullwidth non-hundred-percent-height-scrolling\" style=\"--awb-border-radius-top-left:0px;--awb-border-radius-top-right:0px;--awb-border-radius-bottom-right:0px;--awb-border-radius-bottom-left:0px;--awb-flex-wrap:wrap;\" ><div class=\"fusion-builder-row fusion-row fusion-flex-align-items-flex-start fusion-flex-content-wrap\" style=\"max-width:calc( 1100px + 0px );margin-left: calc(-0px \/ 2 );margin-right: calc(-0px \/ 2 );\"><div class=\"fusion-layout-column fusion_builder_column fusion-builder-column-0 fusion_builder_column_1_1 1_1 fusion-flex-column\" style=\"--awb-bg-size:cover;--awb-width-large:100%;--awb-margin-top-large:0px;--awb-spacing-right-large:0px;--awb-margin-bottom-large:20px;--awb-spacing-left-large:0px;--awb-width-medium:100%;--awb-spacing-right-medium:0px;--awb-spacing-left-medium:0px;--awb-width-small:100%;--awb-spacing-right-small:0px;--awb-spacing-left-small:0px;\"><div class=\"fusion-column-wrapper fusion-flex-justify-content-flex-start fusion-content-layout-column\"><div class=\"fusion-title title fusion-title-1 fusion-sep-none fusion-title-text fusion-title-size-one\" style=\"--awb-margin-top-small:0px;--awb-margin-right-small:0px;--awb-margin-bottom-small:20px;--awb-margin-left-small:0px;\"><h1 class=\"fusion-title-heading title-heading-left\" style=\"margin:0;text-transform:none;\">Privacy policy<\/h1><\/div><div class=\"fusion-text fusion-text-1\"><div class=\"csc-header csc-header-n1\">\n<p class=\"csc-firstHeader\"><span style=\"font-size: 16px;\">Diese Datenschutzerkl\u00e4rung soll Sie als Nutzer dieser Website gem\u00e4\u00df der gesetzlichen Bestimmungen \u00fcber die Art, den Umfang und den Zweck der Erhebung und Verwendung personenbezogener Daten durch den Websitebetreiber Stadt Wien Marketing GmbH informieren. Stadt Wien Marketing GmbH nimmt Ihren Datenschutz sehr ernst und behandelt Ihre personenbezogenen Daten vertraulich und entsprechend der gesetzlichen Vorschriften. Bedenken Sie, dass die Daten\u00fcbertragung im Internet grunds\u00e4tzlich mit Sicherheitsl\u00fccken bedacht sein kann. Ein vollumf\u00e4nglicher Schutz vor dem Zugriff durch Fremde ist nicht realisierbar. Die nachfolgende Erkl\u00e4rung beleuchtet alle wichtigen Aspekte des Datenschutzes. Bitte nehmen Sie die nachfolgenden Informationen zur Kenntnis.<\/span><\/p>\n<\/div>\n<h2>ALLGEMEINES<\/h2>\n<p class=\"bodytext\">Im Internetauftritt werden Informationen \u00fcber die von Stadt Wien Marketing GmbH angebotenen Dienstleistungen zur Verf\u00fcgung gestellt.<\/p>\n<h2>VERANTWORTLICHE STELLE<\/h2>\n<p class=\"bodytext\">Verantwortliche Stelle im Sinne des Gesetzes ist<br \/>\n<strong>Stadt Wien Marketing GmbH <\/strong><br \/>\nKolingasse 11\/7<br \/>\n1090 Wien \u00d6sterreich<br \/>\n<a class=\"mail\" title=\"E-Mail\" href=\"mailto:office@stadtwienmarketing.at\">E-Mail<\/a><\/p>\n<h2>ERHEBUNG UND VERARBEITUNG PERSONENBEZOGENER DATEN<\/h2>\n<p class=\"bodytext\">Der Abruf von Seiten des Internetauftritts der Stadt Wien Marketing GmbH ist grunds\u00e4tzlich ohne Angabe von pers\u00f6nlichen Daten (ausgenommen der automatisch erhobenen Daten &#8211; siehe unten) m\u00f6glich. Personenbezogene Daten werden nur auf Ihren Wunsch etwa beim Ausf\u00fcllen und Absenden des Kontaktformulars, durch Eintrag in die Newsletter-Mailingliste oder durch Login f\u00fcr die Nutzung spezieller Dienste erhoben und verarbeitet.<\/p>\n<h2>UMGANG MIT KONTAKTDATEN<\/h2>\n<p class=\"bodytext\">Nehmen Sie mit Stadt Wien Marketing GmbH durch die angebotenen Kontaktm\u00f6glichkeiten Verbindung auf, werden Ihre Angaben gespeichert, damit auf diese zur Bearbeitung und Beantwortung Ihrer Anfrage zur\u00fcckgegriffen werden kann.<\/p>\n<h2>NEWSLETTER-ABONNEMENT<\/h2>\n<p class=\"bodytext\">Stadt Wien Marketing GmbH bietet Ihnen einen Newsletter an, in welchem er Sie \u00fcber aktuelle Geschehnisse und Angebote informiert. M\u00f6chten Sie den Newsletter abonnieren, m\u00fcssen Sie eine valide E-Mail-Adresse angeben. Sie k\u00f6nnen sich jederzeit vom Newsletter wieder abmelden indem Sie auf den entsprechenden Link im Newsletter klicken, oder sich an die o.a. verantwortliche Stelle wenden. Ihre Daten bleiben bis zum Widerruf gespeichert.<\/p>\n<h2>WEITERGABE PERSONENBEZOGENER DATEN<\/h2>\n<p class=\"bodytext\">Stadt Wien Marketing GmbH nutzt die personenbezogenen Daten ausschlie\u00dflich im Rahmen der Gesch\u00e4ftsabwicklung. Eine Weitergabe der Daten erfolgt dabei ausschlie\u00dflich an Unterauftragnehmer der Stadt Wien Marketing GmbH im Rahmen der Gesch\u00e4ftsabwicklung. Eine Weitergabe an andere Dritte &#8211; insbesondere zu Zwecken des Adresshandels &#8211; erfolgt nicht.<\/p>\n<h2>WIDERRUFSRECHT BEZ\u00dcGLICH DER ERHEBUNG, VERARBEITUNG UND NUTZUNG PERSONENBEZOGENER DATEN<\/h2>\n<p class=\"bodytext\">Der Kunde kann die Einwilligung zur Erhebung, Verarbeitung und Nutzung personenbezogener Daten jederzeit mit Wirkung f\u00fcr die Zukunft widerrufen. Widerrufsempf\u00e4nger ist die o.a. verantwortliche Stelle. Es wird darauf hingewiesen, dass Stadt Wien Marketing GmbH bei einem Widerruf gew\u00fcnschte Dienstleistungen unter Umst\u00e4nden nicht mehr erbringen kann.<\/p>\n<h2>AUSKUNFT, BERICHTIGUNG UND L\u00d6SCHUNG<\/h2>\n<p class=\"bodytext\">Sie als Nutzer erhalten auf Antrag Ihrerseits kostenlose Auskunft dar\u00fcber, welche personenbezogenen Daten \u00fcber Sie gespeichert wurden. Sofern Ihr Wunsch nicht mit einer gesetzlichen Pflicht zur Aufbewahrung von Daten kollidiert, haben Sie ein Anrecht auf Berichtigung falscher Daten und auf die Sperrung oder L\u00f6schung Ihrer personenbezogenen Daten.<\/p>\n<h2>COOKIES<\/h2>\n<p class=\"bodytext\">Bei Cookies handelt es sich um einen kleinen Datensatz, der von einem Web-Server erzeugt, durch das Internet gesendet und mit Hilfe Ihres Browserprogramms auf ihrem Endger\u00e4t abgespeichert wird. Die Website nutzt \u201eCookies\u201c im Wesentlichen dazu, Nutzer bzw. deren Endger\u00e4te wiederzuerkennen, die Pr\u00e4ferenzen des Nutzers oder Informationen f\u00fcr die Dauer des Surfens oder im Falle der R\u00fcckkehr zu spei-chern. Weiters werden Cookies auch dazu benutzt, um verhaltensbasierte Werbung auszuspielen und Anzeigeninhalte zu steuern.<\/p>\n<p class=\"bodytext\"><strong>Arten von Cookies<\/strong><\/p>\n<p class=\"bodytext\"><strong>First-Party-Cookies <\/strong><br \/>\nWerden ausschlie\u00dflich von der Dom\u00e4ne des Diensteanbieters versandt und ausgelesen.<\/p>\n<p class=\"bodytext\"><strong>Third-Party-Cookies<br \/>\n<\/strong>Werden von Dom\u00e4nen anderer Diensteanbieter versandt und ausgelesen.<\/p>\n<p class=\"bodytext\"><strong>Sitzungscookies\u00a0<\/strong>(Session-IDs)<br \/>\nTempor\u00e4re Cookies, die beim Schlie\u00dfen des Browsers automatisch gel\u00f6scht werden. Sitzungscookies erm\u00f6glichen das Wiedererkennen von Bewegungen des Nutzers auf der Website, sodass Informationen erhal-ten bleiben. Ohne Cookies haben Websites kein \u201eErinnerungsverm\u00f6gen\u201c.<\/p>\n<p class=\"bodytext\"><strong>Permanente Cookies <\/strong><br \/>\nDauerhafte Cookies, die manuell zu l\u00f6schen sind oder sich nach Ablauf einer bestimmten Zeit l\u00f6schen. Diese Cookies helfen der Website sich an den Nutzer und seine Einstellungen zu erinnern z.B. Sprachauswahl, Men\u00fcpr\u00e4ferenzen, interne Lesezeichen oder Favoriten.<\/p>\n<p class=\"bodytext\"><strong>Wie kann der Nutzer Cookies ablehnen?<br \/>\n<\/strong>Die g\u00e4ngigen Browser erm\u00f6glichen es dem Nutzer, das Speichern von Cookies zu steuern, z.B. Chrome: chrome:\/\/settings\/content\/cookies; Firefox: about:preferences#privacy, Safari: Menu&gt;Preferences&gt;Privacy&gt;Block all Cookies ; Edge: Setings&gt;View Advanced Settings&gt;Select Block all Cookies<\/p>\n<p class=\"bodytext\"><strong>Wie kann der Nutzer Cookies l\u00f6schen?<\/strong><br \/>\nDie g\u00e4ngigen Browser erm\u00f6glichen es dem Nutzer (zumeist unter der Rubrik \u201eEinstellungen\u201c oder \u201eDatenschutz\u201c), bereits gespeicherte Cookies zu l\u00f6schen.<\/p>\n<p class=\"bodytext\"><strong>Wann darf der Diensteanbieter Cookies verwenden?<\/strong><br \/>\nDer Diensteanbieter ist berechtigt, auf dem Endger\u00e4t des (informierten) Nutzers Cookies zu speichern, deren alleiniger Zweck die Durchf\u00fchrung oder Erleichterung der \u00dcbertagung einer Nachricht \u00fcber ein elektronisches Kommunikationsnetz ist, oder, soweit dies unbedingt erforderlich ist, um einen vom Teilnehmer oder Nutzer ausdr\u00fccklich gew\u00fcnschten Dienst zur Verf\u00fcgung zu stellen (Art 5 Abs 3 ePrivacy-RL). Die Art 29 Datenschutzgruppe hat in der Opinion 4\/2012 zur Ausnahme vom Cookie-Zustimmungserfordernisse folgende Cookies f\u00fcr zul\u00e4ssig erkl\u00e4rt:<\/p>\n<ul>\n<li>Benutzer-Cookies (Sitzungs-ID) wie First-Party-Cookies, um die Eingaben des Benutzers beim Ausf\u00fcllen von Online-Formularen, Warenk\u00f6rben usw. f\u00fcr die Dauer einer Sitzung zu verfolgen oder dauerhafte Cookies, die in einigen F\u00e4llen auf einige Stunden begrenzt sind<\/li>\n<li>Authentifizierungs-Cookies, um den Benutzer nach der Anmeldung f\u00fcr die Dauer einer Sitzung zu identifizieren<\/li>\n<li>Benutzerzentrierte Sicherheits-Cookies, die zur Erkennung von Authentifizie-rungsfehlern f\u00fcr eine begrenzte Dauer verwendet werden<\/li>\n<li>Player-Cookies f\u00fcr Multimedia-Inhalte , die zur Speicherung von technischen Daten zur Wiedergabe von Video- oder Audioinhalten f\u00fcr die Dauer einer Sit-zung verwendet werden<\/li>\n<li>Load-Balancing- Cookies f\u00fcr die Dauer der Sitzung<\/li>\n<li>Cookies f\u00fcr die Benutzeroberfl\u00e4chenanpassung, z. B. Einstellungen f\u00fcr Sprache oder Schriftart, f\u00fcr die Dauer einer Sitzung (oder etwas l\u00e4nger)<\/li>\n<li>Social-Plug-In- Cookies zum Teilen von Drittanbietern f\u00fcr eingeloggte Mitglieder eines sozialen Netzwerks.<\/li>\n<\/ul>\n<p class=\"bodytext\">Dar\u00fcber hinaus ist eine Einwilligung des Nutzers zur Speicherung von Cookies erforderlich.<\/p>\n<p class=\"bodytext\"><strong>Welche First-Party-Cookies kommen zum Einsatz?<br \/>\n<\/strong>Bezeichnung:\u00a0Google Analytics (analytics.js)<br \/>\nFunktion: Erstellen von Zugriffsstatistiken<br \/>\nSpeicherdauer: 30 sek bis 2 Jahre<br \/>\nRechtsgrundlage: Art 5 Abs 3 (Information), Einwilligung<br \/>\n<a href=\"https:\/\/developers.google.com\/analytics\/devguides\/collection\/analyticsjs\/cookie-usage\" target=\"_blank\" rel=\"noopener\">Details<\/a><\/p>\n<p class=\"bodytext\"><strong>Welche Third-Party-Cookies kommen zum Einsatz?<\/strong><br \/>\nkeine<\/p>\n<h2>NUTZUNG VON GOOGLE ANALYTICS<\/h2>\n<p class=\"bodytext\">Diese Website benutzt Google Analytics, einen Webanalysedienst der Google Inc. (&#8220;Google&#8221;). Google Analytics verwendet sog. &#8220;Cookies&#8221;, Textdateien, die auf Ihrem Computer gespeichert werden und die eine Analyse der Benutzung der Website durch Sie erm\u00f6glichen. Die durch den Cookie erzeugten Informationen \u00fcber Ihre Benutzung dieser Website werden in der Regel an einen Server von Google in den USA \u00fcbertragen und dort gespeichert. Im Falle der Aktivierung der IP-Anonymisierung auf dieser Webseite wird Ihre IP-Adresse von Google jedoch innerhalb von Mitgliedstaaten der Europ\u00e4ischen Union oder in anderen Vertragsstaaten des Abkommens \u00fcber den Europ\u00e4ischen Wirtschaftsraum zuvor gek\u00fcrzt. Nur in Ausnahmef\u00e4llen wird die volle IP-Adresse an einen Server von Google in den USA \u00fcbertragen und dort gek\u00fcrzt. Im Auftrag des Betreibers dieser Website wird Google diese Informationen benutzen, um Ihre Nutzung der Website auszuwerten, um Reports \u00fcber die Websiteaktivit\u00e4ten zusammenzustellen und um weitere mit der Websitenutzung und der Internetnutzung verbundene Dienstleistungen gegen\u00fcber dem Websitebetreiber zu erbringen. Die im Rahmen von Google Analytics von Ihrem Browser \u00fcbermittelte IP-Adresse wird nicht mit anderen Daten von Google zusammengef\u00fchrt. Sie k\u00f6nnen die Speicherung der Cookies durch eine entsprechende Einstellung Ihrer Browser-Software verhindern; wir weisen Sie jedoch darauf hin, dass Sie in diesem Fall gegebenenfalls nicht s\u00e4mtliche Funktionen dieser Website vollumf\u00e4nglich werden nutzen k\u00f6nnen. Sie k\u00f6nnen dar\u00fcber hinaus die Erfassung der durch das Cookie erzeugten und auf Ihre Nutzung der Website bezogenen Daten (inkl. Ihrer IP-Adresse) an Google sowie die Verarbeitung dieser Daten durch Google verhindern, indem sie das unter dem folgenden Link verf\u00fcgbare Browser-Plugin herunterladen und installieren: <a class=\"external-link-new-window\" title=\"Google Tools\" href=\"http:\/\/tools.google.com\/dlpage\/gaoptout?hl=de\" target=\"_top\" rel=\"noopener\">tools.google.com\/dlpage\/gaoptout.<\/a><\/p>\n<h2>EXTERNE LINKS<\/h2>\n<p class=\"bodytext\">Im Internetauftritt der Stadt Wien Marketing GmbH sind teilweise Seiten von Dritten verlinkt, um dem Nutzer umfassende Informationen zur Verf\u00fcgung stellen zu k\u00f6nnen. Stadt Wien Marketing GmbH hat keinen Einfluss auf die Gestaltung dieser Seiten und ist nicht verantwortlich f\u00fcr die dort angebotenen Inhalte. Die Grunds\u00e4tze dieser Erkl\u00e4rung gelten nicht f\u00fcr diese externen Seiten.<\/p>\n<h2>SSL-VERSCHL\u00dcSSELUNG<\/h2>\n<p class=\"bodytext\">Um Ihre \u00fcbermittelten Daten bestm\u00f6glich zu sch\u00fctzen nutzt die Webseite eine SSL-Verschl\u00fcsselung. Sie erkennen derart verschl\u00fcsselte Verbindungen an dem Pr\u00e4fix &#8220;https:\/\/&#8221; im Seitenlink in der Adresszeile Ihres Browsers. Unverschl\u00fcsselte Seite sind durch \u201ehttp:\/\/&#8221; gekennzeichnet. S\u00e4mtliche Daten, welche Sie an diese Website \u00fcbermitteln &#8211; etwa bei Anfragen &#8211; k\u00f6nnen dank SSL-Verschl\u00fcsselung nicht von Dritten gelesen werden.<\/p>\n<h2>SOCIAL MEDIA<\/h2>\n<p class=\"bodytext\">Auf unseren Seiten sind Links zu unseren Inhalten auf Social Media Plattformen (Facebook, Twitter, etc.) enthalten. Hier werden zun\u00e4chst keine personenbezogenen Daten an diese Anbieter \u00fcbertragen. Nur bei anklicken eines solchen Social Media Symbols werden personenbezugnehmende Daten automatisiert an den Dienstanbieter \u00fcbermittelt. Im Zuge dessen werden Daten dort wo sich der Server befindet (z.B. bei US-amerikanischen Firmen in den USA) gespeichert. Wir haben weder Einfluss auf die erhobenen Daten und deren Verarbeitungsvorg\u00e4nge, noch sind uns der genaue Umfang der Datenverwendung, die Verarbeitungszwecke oder Speicherfristen bekannt. Informationen zu Verwendungszweck, Datenerhebung und -verarbeitung erhalten sie in den nachfolgend angef\u00fchrten Datenschutzerkl\u00e4rungen der Social Media Anbieter. Dort erhalten Sie auch Informationen zu Rechten und Einstellungsm\u00f6glichkeiten gem\u00e4\u00df DSGVO (engl. GDPR) um Ihre Privatsph\u00e4re zu sch\u00fctzen.<\/p>\n<h2>\u00c4NDERUNGEN DIESER DATENSCHUTZERKL\u00c4RUNG<\/h2>\n<p class=\"bodytext\">Wir behalten uns das Recht vor, unsere Datenschutzerkl\u00e4rungen zu \u00e4ndern falls dies aufgrund neuer Technologien notwendig sein sollte. Bitte stellen Sie sicher, dass Ihnen die aktuellste Version vorliegt. Werden an dieser Datenschutzerkl\u00e4rung grundlegende \u00c4nderungen vorgenommen, geben wir diese auf unserer Website bekannt. Alle Interessenten und Besucher unserer Internetseite erreichen uns in Datenschutzfragen unter:<\/p>\n<p class=\"bodytext\"><strong>Stadt Wien Marketing GmbH <\/strong><br \/>\nKolingasse 11\/7<br \/>\n1090 Wien<br \/>\n\u00d6sterreich<br \/>\n<a class=\"mail\" title=\"E-Mail\" href=\"mailto:office@stadtwienmarketing.at\">E-Mail<\/a><\/p>\n<p class=\"bodytext\">Sollte Ihr Anliegen zu einem Datenschutzthema nicht zu Ihrer Zufriedenheit beantwortet werden, bleibt Ihnen in jedem Falle ihr Recht auf Beschwerde bei der zust\u00e4ndigen Datenschutz-Aufsichtsbeh\u00f6rde <a href=\"https:\/\/www.dsb.gv.at\/\" target=\"_blank\" rel=\"noopener\">www.dsb.gv.at<\/a>.<\/p>\n<p class=\"bodytext\">Stand: 17. Mai 2018<\/p>\n<\/div><\/div><\/div><\/div><\/div>\n","protected":false},"excerpt":{"rendered":"","protected":false},"author":1,"featured_media":0,"parent":0,"menu_order":0,"comment_status":"closed","ping_status":"closed","template":"","meta":{"footnotes":""},"class_list":["post-1469","page","type-page","status-publish","hentry"],"_links":{"self":[{"href":"https:\/\/wienersilvesterpfad.at\/en\/wp-json\/wp\/v2\/pages\/1469","targetHints":{"allow":["GET"]}}],"collection":[{"href":"https:\/\/wienersilvesterpfad.at\/en\/wp-json\/wp\/v2\/pages"}],"about":[{"href":"https:\/\/wienersilvesterpfad.at\/en\/wp-json\/wp\/v2\/types\/page"}],"author":[{"embeddable":true,"href":"https:\/\/wienersilvesterpfad.at\/en\/wp-json\/wp\/v2\/users\/1"}],"replies":[{"embeddable":true,"href":"https:\/\/wienersilvesterpfad.at\/en\/wp-json\/wp\/v2\/comments?post=1469"}],"version-history":[{"count":1,"href":"https:\/\/wienersilvesterpfad.at\/en\/wp-json\/wp\/v2\/pages\/1469\/revisions"}],"predecessor-version":[{"id":3294,"href":"https:\/\/wienersilvesterpfad.at\/en\/wp-json\/wp\/v2\/pages\/1469\/revisions\/3294"}],"wp:attachment":[{"href":"https:\/\/wienersilvesterpfad.at\/en\/wp-json\/wp\/v2\/media?parent=1469"}],"curies":[{"name":"wp","href":"https:\/\/api.w.org\/{rel}","templated":true}]}}