{"id":1464,"date":"2018-10-15T17:40:45","date_gmt":"2018-10-15T15:40:45","guid":{"rendered":"http:\/\/silvesterpfad.jh.web-tech.at\/impressum\/"},"modified":"2023-09-11T12:12:12","modified_gmt":"2023-09-11T10:12:12","slug":"legal-information","status":"publish","type":"page","link":"https:\/\/wienersilvesterpfad.at\/en\/legal-information\/","title":{"rendered":"Legal information"},"content":{"rendered":"<div class=\"fusion-fullwidth fullwidth-box fusion-builder-row-1 fusion-flex-container nonhundred-percent-fullwidth non-hundred-percent-height-scrolling\" style=\"--awb-border-radius-top-left:0px;--awb-border-radius-top-right:0px;--awb-border-radius-bottom-right:0px;--awb-border-radius-bottom-left:0px;--awb-flex-wrap:wrap;\" ><div class=\"fusion-builder-row fusion-row fusion-flex-align-items-flex-start fusion-flex-content-wrap\" style=\"max-width:1144px;margin-left: calc(-4% \/ 2 );margin-right: calc(-4% \/ 2 );\"><div class=\"fusion-layout-column fusion_builder_column fusion-builder-column-0 fusion_builder_column_1_1 1_1 fusion-flex-column\" style=\"--awb-bg-size:cover;--awb-width-large:100%;--awb-margin-top-large:0px;--awb-spacing-right-large:1.92%;--awb-margin-bottom-large:20px;--awb-spacing-left-large:1.92%;--awb-width-medium:100%;--awb-spacing-right-medium:1.92%;--awb-spacing-left-medium:1.92%;--awb-width-small:100%;--awb-spacing-right-small:1.92%;--awb-spacing-left-small:1.92%;\"><div class=\"fusion-column-wrapper fusion-flex-justify-content-flex-start fusion-content-layout-column\"><div class=\"fusion-title title fusion-title-1 fusion-sep-none fusion-title-text fusion-title-size-one\" style=\"--awb-margin-top-small:0px;--awb-margin-right-small:0px;--awb-margin-bottom-small:20px;--awb-margin-left-small:0px;\"><h1 class=\"fusion-title-heading title-heading-left\" style=\"margin:0;text-transform:none;\">Impressum<\/h1><\/div><div class=\"fusion-text fusion-text-1\"><p><b>Informationen gem. E-Commerce- und Mediengesetz<\/b><\/p>\n<p>stadt wien marketing gmbh<br \/>\nTelefon: +43\/1\/319 82 00<br \/>\nFax: +43\/1\/319 82 00-82<br \/>\nAdresse: Kolingasse 11\/7, A-1090 Wien<br \/>\nE-Mail: <a href=\"mailto:office@stadtwienmarketing.at\">office@stadtwienmarketing.at<br \/>\n<\/a>Firmenbuchnummer: 181636m<br \/>\nUID: ATU 473 96 107<\/p>\n<p><b><strong>Medieninhaber<br \/>\n<\/strong><\/b>stadt <b><strong>wien marketing<\/strong><\/b> gmbH &#8211; mit Niederlassung\/Sitz in 1090 Wien, Kolingasse 11\/7<\/p>\n<p><a href=\"https:\/\/stadtwienmarketing.at\/wp-content\/uploads\/2019\/03\/AGB-swm.pdf\">Allgemeine Gesch\u00e4ftsbedingungen PDF<\/a><\/p>\n<p><b>Haftungsausschluss<br \/>\n<\/b>Im Hinblick auf die technischen Eigenschaften des Internet kann keine Gew\u00e4hr f\u00fcr die Authentizit\u00e4t, Richtigkeit und Vollst\u00e4ndigkeit der im Internet zur Verf\u00fcgung gestellten Informationen \u00fcbernommen werden. Es wird auch keine Gew\u00e4hr f\u00fcr die Verf\u00fcgbarkeit oder den Betrieb der gegenst\u00e4ndlichen Webseite und ihrer Inhalte \u00fcbernommen.<\/p>\n<p>Jede Haftung f\u00fcr unmittelbare, mittelbare oder sonstige Sch\u00e4den, unabh\u00e4ngig von deren Ursachen, die aus der Benutzung oder Nichtverf\u00fcgbarkeit der Daten und Informationen dieser Webseite erwachsen, wird, soweit rechtlich zul\u00e4ssig, ausgeschlossen.<\/p>\n<p>Die Inhalte dieser Webseite sind urheberrechtlich gesch\u00fctzt. Die Informationen sind nur f\u00fcr die pers\u00f6nliche Verwendung bestimmt. Jede weitergehende Nutzung insbesondere die Speicherung in Datenbanken, Vervielf\u00e4ltigung und jede Form von gewerblicher Nutzung sowie die Weitergabe an Dritte &#8211; auch in Teilen oder in \u00fcberarbeiteter Form &#8211; ohne Zustimmung ist untersagt.<\/p>\n<p>Hyperlinks auf <a href=\"http:\/\/www.wienersilvesterpfad.at\">www.wienersilvesterpfad.at<\/a> sind willkommen. Inhalte anderer Websites, welche durch Hyperlinks von <a href=\"http:\/\/www.wienersilvesterpfad.at\">www.wienersilvesterpfad.at<\/a> aus erreicht werden k\u00f6nnen, liegen nicht in unserem Verantwortungsbereich. Diese Hyperlinks werden in einem neuen Browser-Fenster ge\u00f6ffnet um klar zum Ausdruck zu bringen, dass es sich nicht um Inhalte von <a href=\"http:\/\/www.wienersilvesterpfad.at\">www.wienersilvesterpfad.at<\/a> handelt. Wir \u00fcbernehmen keinerlei Haftung f\u00fcr auf fremden Seiten enthaltene illegale Inhalte oder Sch\u00e4den, die durch Download von auf fremden Seiten enthaltenen Dateien entstehen .<\/p>\n<p>Schreib- und Satzfehler vorbehalten.<\/p>\n<\/div><\/div><\/div><\/div><\/div>\n","protected":false},"excerpt":{"rendered":"","protected":false},"author":1,"featured_media":0,"parent":0,"menu_order":0,"comment_status":"closed","ping_status":"closed","template":"","meta":{"footnotes":""},"class_list":["post-1464","page","type-page","status-publish","hentry"],"_links":{"self":[{"href":"https:\/\/wienersilvesterpfad.at\/en\/wp-json\/wp\/v2\/pages\/1464","targetHints":{"allow":["GET"]}}],"collection":[{"href":"https:\/\/wienersilvesterpfad.at\/en\/wp-json\/wp\/v2\/pages"}],"about":[{"href":"https:\/\/wienersilvesterpfad.at\/en\/wp-json\/wp\/v2\/types\/page"}],"author":[{"embeddable":true,"href":"https:\/\/wienersilvesterpfad.at\/en\/wp-json\/wp\/v2\/users\/1"}],"replies":[{"embeddable":true,"href":"https:\/\/wienersilvesterpfad.at\/en\/wp-json\/wp\/v2\/comments?post=1464"}],"version-history":[{"count":1,"href":"https:\/\/wienersilvesterpfad.at\/en\/wp-json\/wp\/v2\/pages\/1464\/revisions"}],"predecessor-version":[{"id":3295,"href":"https:\/\/wienersilvesterpfad.at\/en\/wp-json\/wp\/v2\/pages\/1464\/revisions\/3295"}],"wp:attachment":[{"href":"https:\/\/wienersilvesterpfad.at\/en\/wp-json\/wp\/v2\/media?parent=1464"}],"curies":[{"name":"wp","href":"https:\/\/api.w.org\/{rel}","templated":true}]}}